{"id":14878,"date":"2021-11-05T09:02:05","date_gmt":"2021-11-05T09:02:05","guid":{"rendered":"https:\/\/revafric-bm.sn\/wordpress\/?page_id=14878"},"modified":"2022-02-14T20:55:44","modified_gmt":"2022-02-14T20:55:44","slug":"soumettre-un-article","status":"publish","type":"page","link":"https:\/\/revafric-bm.sn\/wordpress\/soumettre-un-article\/","title":{"rendered":"Soumettre un Article"},"content":{"rendered":"\t\t<div data-elementor-type=\"wp-page\" data-elementor-id=\"14878\" class=\"elementor elementor-14878\">\n\t\t\t\t\t\t<section class=\"elementor-section elementor-top-section elementor-element elementor-element-87c3d2b elementor-section-boxed elementor-section-height-default elementor-section-height-default\" data-id=\"87c3d2b\" data-element_type=\"section\" data-e-type=\"section\">\n\t\t\t\t\t\t<div class=\"elementor-container elementor-column-gap-default\">\n\t\t\t\t\t<div class=\"elementor-column elementor-col-100 elementor-top-column elementor-element elementor-element-7d2a53f\" data-id=\"7d2a53f\" data-element_type=\"column\" data-e-type=\"column\">\n\t\t\t<div class=\"elementor-widget-wrap elementor-element-populated\">\n\t\t\t\t\t\t<div class=\"elementor-element elementor-element-9ef2615 elementor-widget elementor-widget-text-editor\" data-id=\"9ef2615\" data-element_type=\"widget\" data-e-type=\"widget\" data-widget_type=\"text-editor.default\">\n\t\t\t\t<div class=\"elementor-widget-container\">\n\t\t\t\t\t\t\t\t\t<h5><img decoding=\"async\" class=\"size-full wp-image-2851 aligncenter\" src=\"https:\/\/revafric-bm.sn\/wordpress\/wp-content\/uploads\/2021\/10\/Logo3.png\" alt=\"\" width=\"199\" height=\"160\" \/><\/h5>\n<div><\/div>\n<h3 style=\"text-align: center;\">\u00a0SOUMETTRE UN ARTICLE<\/h3>\n<div style=\"text-align: center;\"><\/div>\n<p style=\"text-align: center;\"><span style=\"color: #333333;\">La Revue africaine de Biologie M\u00e9dicale accepte des articles des diff\u00e9rentes disciplines de Biologie, en Fran\u00e7ais et en Anglais, qui sont conformes aux recommandations aux auteurs.<\/span><\/p>\n<p style=\"text-align: center;\"><span style=\"color: #333333;\">Pour soumettre un article, utiliser les seules adresses r\u00e9serv\u00e9es : cliquer sur le lien suivant :<\/span><\/p>\n<p style=\"text-align: center;\"><strong><span style=\"color: #339966;\"><a style=\"color: #339966;\" href=\"mailto:soumission@revafric-bm.sn\">soumission@revafric-bm.sn<\/a><\/span><\/strong><\/p>\n<p style=\"text-align: center;\">OU<\/p>\n<p style=\"text-align: center;\"><span style=\"color: #339966;\"><strong><a style=\"color: #339966;\" href=\"mailto:profisow3@gmail.com\">profisow3@gmail.com<\/a><\/strong><\/span><\/p>\n<p style=\"text-align: center;\"><span style=\"color: #333333;\">\u00a0En l\u2019absence de r\u00e9action dans un d\u00e9lai d\u2019une semaine vous pouvez saisir le comit\u00e9 de R\u00e9daction \u00e0 l\u2019adresse suivante<\/span><\/p>\n<p style=\"text-align: center;\"><strong><span style=\"color: #339966;\"><a style=\"color: #339966;\" href=\"mailto:infos@revafric-bm.sn\">infos@revafric-bm.sn<\/a><\/span><\/strong><\/p>\t\t\t\t\t\t\t\t<\/div>\n\t\t\t\t<\/div>\n\t\t\t\t\t<\/div>\n\t\t<\/div>\n\t\t\t\t\t<\/div>\n\t\t<\/section>\n\t\t\t\t<\/div>\n\t\t","protected":false},"excerpt":{"rendered":"<p>\u00a0SOUMETTRE UN ARTICLE La Revue africaine de Biologie M\u00e9dicale accepte des articles des diff\u00e9rentes disciplines de Biologie, en Fran\u00e7ais et en Anglais, qui sont conformes aux recommandations aux auteurs. Pour soumettre un article, utiliser les seules adresses r\u00e9serv\u00e9es : cliquer sur le lien suivant : soumission@revafric-bm.sn OU profisow3@gmail.com \u00a0En l\u2019absence de r\u00e9action dans un d\u00e9lai<\/p>\n","protected":false},"author":1,"featured_media":0,"parent":0,"menu_order":0,"comment_status":"closed","ping_status":"closed","template":"","meta":{"footnotes":""},"class_list":["post-14878","page","type-page","status-publish","hentry"],"brizy_media":[],"_links":{"self":[{"href":"https:\/\/revafric-bm.sn\/wordpress\/wp-json\/wp\/v2\/pages\/14878","targetHints":{"allow":["GET"]}}],"collection":[{"href":"https:\/\/revafric-bm.sn\/wordpress\/wp-json\/wp\/v2\/pages"}],"about":[{"href":"https:\/\/revafric-bm.sn\/wordpress\/wp-json\/wp\/v2\/types\/page"}],"author":[{"embeddable":true,"href":"https:\/\/revafric-bm.sn\/wordpress\/wp-json\/wp\/v2\/users\/1"}],"replies":[{"embeddable":true,"href":"https:\/\/revafric-bm.sn\/wordpress\/wp-json\/wp\/v2\/comments?post=14878"}],"version-history":[{"count":106,"href":"https:\/\/revafric-bm.sn\/wordpress\/wp-json\/wp\/v2\/pages\/14878\/revisions"}],"predecessor-version":[{"id":16226,"href":"https:\/\/revafric-bm.sn\/wordpress\/wp-json\/wp\/v2\/pages\/14878\/revisions\/16226"}],"wp:attachment":[{"href":"https:\/\/revafric-bm.sn\/wordpress\/wp-json\/wp\/v2\/media?parent=14878"}],"curies":[{"name":"wp","href":"https:\/\/api.w.org\/{rel}","templated":true}]}}