{"id":14901,"date":"2021-11-08T21:17:34","date_gmt":"2021-11-08T21:17:34","guid":{"rendered":"https:\/\/revafric-bm.sn\/wordpress\/?page_id=14901"},"modified":"2022-02-15T00:43:50","modified_gmt":"2022-02-15T00:43:50","slug":"soumettre-un-article-2","status":"publish","type":"page","link":"https:\/\/revafric-bm.sn\/wordpress\/soumettre-un-article-2\/","title":{"rendered":"Soumettre un Article"},"content":{"rendered":"\t\t<div data-elementor-type=\"wp-page\" data-elementor-id=\"14901\" class=\"elementor elementor-14901\">\n\t\t\t\t\t\t<section class=\"elementor-section elementor-top-section elementor-element elementor-element-31186f9 elementor-section-boxed elementor-section-height-default elementor-section-height-default\" data-id=\"31186f9\" data-element_type=\"section\" data-e-type=\"section\">\n\t\t\t\t\t\t<div class=\"elementor-container elementor-column-gap-default\">\n\t\t\t\t\t<div class=\"elementor-column elementor-col-100 elementor-top-column elementor-element elementor-element-fd20b10\" data-id=\"fd20b10\" data-element_type=\"column\" data-e-type=\"column\">\n\t\t\t<div class=\"elementor-widget-wrap elementor-element-populated\">\n\t\t\t\t\t\t<div class=\"elementor-element elementor-element-8bbfca9 elementor-widget elementor-widget-image\" data-id=\"8bbfca9\" data-element_type=\"widget\" data-e-type=\"widget\" data-widget_type=\"image.default\">\n\t\t\t\t<div class=\"elementor-widget-container\">\n\t\t\t\t\t\t\t\t\t\t\t\t\t\t\t<img decoding=\"async\" width=\"199\" height=\"160\" src=\"https:\/\/revafric-bm.sn\/wordpress\/wp-content\/uploads\/2021\/10\/Logo3.png\" class=\"attachment-medium_large size-medium_large wp-image-2851\" alt=\"\" \/>\t\t\t\t\t\t\t\t\t\t\t\t\t\t\t<\/div>\n\t\t\t\t<\/div>\n\t\t\t\t<div class=\"elementor-element elementor-element-1e11b964 elementor-widget elementor-widget-text-editor\" data-id=\"1e11b964\" data-element_type=\"widget\" data-e-type=\"widget\" data-widget_type=\"text-editor.default\">\n\t\t\t\t<div class=\"elementor-widget-container\">\n\t\t\t\t\t\t\t\t\t<p style=\"text-align: center;\"><span style=\"color: #000000;\">\u00a0<\/span><\/p><p style=\"text-align: center;\"><span style=\"color: #000000;\">La Revue africaine de Biologie M\u00e9dicale accepte des articles des diff\u00e9rentes disciplines de Biologie, en Fran\u00e7ais et en Anglais, qui sont conformes aux recommandations aux auteurs.<\/span><\/p><p style=\"text-align: center;\"><span style=\"color: #000000;\">Pour soumettre un article, utiliser les seules adresses r\u00e9serv\u00e9es ou le formulaire de contact.<\/span><\/p><p style=\"text-align: center;\"><strong><a href=\"mailto:soumission@revafric-bm.sn\">soumission@revafric-bm.sn <\/a><\/strong><\/p><p style=\"text-align: center;\"><span style=\"color: #000000;\">ou<\/span><\/p><p style=\"text-align: center;\"><strong><a href=\"mailto:profisow3@gmail.com\">profisow3@gmail.com<\/a><\/strong><br \/><span style=\"color: #000000;\">En l\u2019absence de r\u00e9action dans un d\u00e9lai d\u2019une semaine vous pouvez saisir le comit\u00e9 de R\u00e9daction \u00e0 l\u2019adresse suivante :<\/span><\/p><p style=\"text-align: center;\"><strong><a href=\"mailto:infos@revafric-bm.sn\">infos@revafric-bm.sn<\/a><\/strong><\/p><p style=\"text-align: center;\">\u00a0<\/p>\t\t\t\t\t\t\t\t<\/div>\n\t\t\t\t<\/div>\n\t\t\t\t\t<\/div>\n\t\t<\/div>\n\t\t\t\t\t<\/div>\n\t\t<\/section>\n\t\t\t\t<\/div>\n\t\t","protected":false},"excerpt":{"rendered":"<p>\u00a0 La Revue africaine de Biologie M\u00e9dicale accepte des articles des diff\u00e9rentes disciplines de Biologie, en Fran\u00e7ais et en Anglais, qui sont conformes aux recommandations aux auteurs. Pour soumettre un article, utiliser les seules adresses r\u00e9serv\u00e9es ou le formulaire de contact. soumission@revafric-bm.sn ou profisow3@gmail.comEn l\u2019absence de r\u00e9action dans un d\u00e9lai d\u2019une semaine vous pouvez saisir<\/p>\n","protected":false},"author":1,"featured_media":0,"parent":0,"menu_order":0,"comment_status":"closed","ping_status":"closed","template":"","meta":{"footnotes":""},"class_list":["post-14901","page","type-page","status-publish","hentry"],"brizy_media":[],"_links":{"self":[{"href":"https:\/\/revafric-bm.sn\/wordpress\/wp-json\/wp\/v2\/pages\/14901","targetHints":{"allow":["GET"]}}],"collection":[{"href":"https:\/\/revafric-bm.sn\/wordpress\/wp-json\/wp\/v2\/pages"}],"about":[{"href":"https:\/\/revafric-bm.sn\/wordpress\/wp-json\/wp\/v2\/types\/page"}],"author":[{"embeddable":true,"href":"https:\/\/revafric-bm.sn\/wordpress\/wp-json\/wp\/v2\/users\/1"}],"replies":[{"embeddable":true,"href":"https:\/\/revafric-bm.sn\/wordpress\/wp-json\/wp\/v2\/comments?post=14901"}],"version-history":[{"count":72,"href":"https:\/\/revafric-bm.sn\/wordpress\/wp-json\/wp\/v2\/pages\/14901\/revisions"}],"predecessor-version":[{"id":16377,"href":"https:\/\/revafric-bm.sn\/wordpress\/wp-json\/wp\/v2\/pages\/14901\/revisions\/16377"}],"wp:attachment":[{"href":"https:\/\/revafric-bm.sn\/wordpress\/wp-json\/wp\/v2\/media?parent=14901"}],"curies":[{"name":"wp","href":"https:\/\/api.w.org\/{rel}","templated":true}]}}