{"id":16956,"date":"2026-05-14T16:31:05","date_gmt":"2026-05-14T16:31:05","guid":{"rendered":"https:\/\/revafric-bm.sn\/wordpress\/?page_id=16956"},"modified":"2026-05-14T23:37:29","modified_gmt":"2026-05-14T23:37:29","slug":"webinaire-gestion-de-la-ram-selon-lapproche-une-seule-sante","status":"publish","type":"page","link":"https:\/\/revafric-bm.sn\/wordpress\/activites\/webinaire-gestion-de-la-ram-selon-lapproche-une-seule-sante\/","title":{"rendered":"Webinaire: Gestion de la RAM selon l&rsquo;approche Une Seule Sant\u00e9"},"content":{"rendered":"\t\t<div data-elementor-type=\"wp-page\" data-elementor-id=\"16956\" class=\"elementor elementor-16956\">\n\t\t\t\t\t\t<section class=\"elementor-section elementor-top-section elementor-element elementor-element-42e140c elementor-section-boxed elementor-section-height-default elementor-section-height-default\" data-id=\"42e140c\" data-element_type=\"section\" data-e-type=\"section\">\n\t\t\t\t\t\t<div class=\"elementor-container elementor-column-gap-default\">\n\t\t\t\t\t<div class=\"elementor-column elementor-col-100 elementor-top-column elementor-element elementor-element-04eccb7\" data-id=\"04eccb7\" data-element_type=\"column\" data-e-type=\"column\">\n\t\t\t<div class=\"elementor-widget-wrap elementor-element-populated\">\n\t\t\t\t\t\t<div class=\"elementor-element elementor-element-72c53af animated-slow elementor-invisible elementor-widget elementor-widget-heading\" data-id=\"72c53af\" data-element_type=\"widget\" data-e-type=\"widget\" data-settings=\"{&quot;_animation&quot;:&quot;fadeInLeft&quot;}\" data-widget_type=\"heading.default\">\n\t\t\t\t<div class=\"elementor-widget-container\">\n\t\t\t\t\t<h2 class=\"elementor-heading-title elementor-size-default\">Webinaire S.A.B.M - \u00c9v\u00e9nement en ligne<\/h2>\t\t\t\t<\/div>\n\t\t\t\t<\/div>\n\t\t\t\t<div class=\"elementor-element elementor-element-0fa7e55 elementor-widget elementor-widget-text-editor\" data-id=\"0fa7e55\" data-element_type=\"widget\" data-e-type=\"widget\" data-widget_type=\"text-editor.default\">\n\t\t\t\t<div class=\"elementor-widget-container\">\n\t\t\t\t\t\t\t\t\t<p>\u00a0<\/p><p>\u00a0<\/p><p><strong>LA Soci\u00e9t\u00e9 Africaine de Bioogie M\u00e9dicale S.A.B.M organise un webinaire scientifique d\u00e9di\u00e9 \u00e0 la gestion de la r\u00e9sistance aux antimicrobiens (RAM) selon l&rsquo;approche Une Seule Sant\u00e9.<\/strong><\/p>\t\t\t\t\t\t\t\t<\/div>\n\t\t\t\t<\/div>\n\t\t\t\t\t<\/div>\n\t\t<\/div>\n\t\t\t\t\t<\/div>\n\t\t<\/section>\n\t\t\t\t<section class=\"elementor-section elementor-top-section elementor-element elementor-element-d777ace elementor-section-boxed elementor-section-height-default elementor-section-height-default\" data-id=\"d777ace\" data-element_type=\"section\" data-e-type=\"section\">\n\t\t\t\t\t\t<div class=\"elementor-container elementor-column-gap-default\">\n\t\t\t\t\t<div class=\"elementor-column elementor-col-100 elementor-top-column elementor-element elementor-element-5181eaa\" data-id=\"5181eaa\" data-element_type=\"column\" data-e-type=\"column\">\n\t\t\t<div class=\"elementor-widget-wrap elementor-element-populated\">\n\t\t\t\t\t\t<div class=\"elementor-element elementor-element-852bb83 elementor-widget elementor-widget-image\" data-id=\"852bb83\" data-element_type=\"widget\" data-e-type=\"widget\" data-widget_type=\"image.default\">\n\t\t\t\t<div class=\"elementor-widget-container\">\n\t\t\t\t\t\t\t\t\t\t\t\t\t\t\t<img fetchpriority=\"high\" decoding=\"async\" width=\"1054\" height=\"1492\" src=\"https:\/\/revafric-bm.sn\/wordpress\/wp-content\/uploads\/2026\/05\/Affiche.jpg\" class=\"attachment-full size-full wp-image-16958\" alt=\"\" srcset=\"https:\/\/revafric-bm.sn\/wordpress\/wp-content\/uploads\/2026\/05\/Affiche.jpg 1054w, https:\/\/revafric-bm.sn\/wordpress\/wp-content\/uploads\/2026\/05\/Affiche-768x1087.jpg 768w\" sizes=\"(max-width: 1054px) 100vw, 1054px\" \/>\t\t\t\t\t\t\t\t\t\t\t\t\t\t\t<\/div>\n\t\t\t\t<\/div>\n\t\t\t\t<div class=\"elementor-element elementor-element-01e5464 elementor-align-center elementor-invisible elementor-widget elementor-widget-button\" data-id=\"01e5464\" data-element_type=\"widget\" data-e-type=\"widget\" data-settings=\"{&quot;_animation&quot;:&quot;fadeInLeft&quot;}\" data-widget_type=\"button.default\">\n\t\t\t\t<div class=\"elementor-widget-container\">\n\t\t\t\t\t\t\t\t\t<div class=\"elementor-button-wrapper\">\n\t\t\t\t\t<a class=\"elementor-button elementor-button-link elementor-size-sm\" href=\"https:\/\/events.scadoxus.sn\/events\/6e91eaf3-41f3-4fe6-abc1-856eca6db376\">\n\t\t\t\t\t\t<span class=\"elementor-button-content-wrapper\">\n\t\t\t\t\t\t<span class=\"elementor-button-icon\">\n\t\t\t\t<i aria-hidden=\"true\" class=\"fas fa-arrow-right\"><\/i>\t\t\t<\/span>\n\t\t\t\t\t\t\t\t\t<span class=\"elementor-button-text\">Inscrivez-vous<\/span>\n\t\t\t\t\t<\/span>\n\t\t\t\t\t<\/a>\n\t\t\t\t<\/div>\n\t\t\t\t\t\t\t\t<\/div>\n\t\t\t\t<\/div>\n\t\t\t\t<div class=\"elementor-element elementor-element-ac9c5fc elementor-view-framed elementor-shape-circle elementor-widget elementor-widget-icon\" data-id=\"ac9c5fc\" data-element_type=\"widget\" data-e-type=\"widget\" data-widget_type=\"icon.default\">\n\t\t\t\t<div class=\"elementor-widget-container\">\n\t\t\t\t\t\t\t<div class=\"elementor-icon-wrapper\">\n\t\t\t<a class=\"elementor-icon\" href=\"https:\/\/harvard.zoom.us\/j\/98658058283#success\">\n\t\t\t<i aria-hidden=\"true\" class=\"fas fa-video\"><\/i>\t\t\t<\/a>\n\t\t<\/div>\n\t\t\t\t\t\t<\/div>\n\t\t\t\t<\/div>\n\t\t\t\t<div class=\"elementor-element elementor-element-0d095cd elementor-widget elementor-widget-text-editor\" data-id=\"0d095cd\" data-element_type=\"widget\" data-e-type=\"widget\" data-widget_type=\"text-editor.default\">\n\t\t\t\t<div class=\"elementor-widget-container\">\n\t\t\t\t\t\t\t\t\t<h5><a href=\"https:\/\/harvard.zoom.us\/j\/98658058283#success\"><strong>Lien ZOOM du webinaire: <\/strong>https:\/\/harvard.zoom.us\/j\/98658058283#success<\/a><\/h5>\t\t\t\t\t\t\t\t<\/div>\n\t\t\t\t<\/div>\n\t\t\t\t\t<\/div>\n\t\t<\/div>\n\t\t\t\t\t<\/div>\n\t\t<\/section>\n\t\t\t\t<section class=\"elementor-section elementor-top-section elementor-element elementor-element-4653bd0 elementor-section-boxed elementor-section-height-default elementor-section-height-default\" data-id=\"4653bd0\" data-element_type=\"section\" data-e-type=\"section\">\n\t\t\t\t\t\t<div class=\"elementor-container elementor-column-gap-default\">\n\t\t\t\t\t<div class=\"elementor-column elementor-col-100 elementor-top-column elementor-element elementor-element-9909ddd\" data-id=\"9909ddd\" data-element_type=\"column\" data-e-type=\"column\">\n\t\t\t<div class=\"elementor-widget-wrap elementor-element-populated\">\n\t\t\t\t\t\t<div class=\"elementor-element elementor-element-19c38b8 elementor-widget elementor-widget-heading\" data-id=\"19c38b8\" data-element_type=\"widget\" data-e-type=\"widget\" data-widget_type=\"heading.default\">\n\t\t\t\t<div class=\"elementor-widget-container\">\n\t\t\t\t\t<h3 class=\"elementor-heading-title elementor-size-default\">Webinaire de la Soci\u00e9t\u00e9 Africaine de Biologie M\u00e9dicale (SABM)<\/h3>\t\t\t\t<\/div>\n\t\t\t\t<\/div>\n\t\t\t\t<div class=\"elementor-element elementor-element-18b438c elementor-widget elementor-widget-text-editor\" data-id=\"18b438c\" data-element_type=\"widget\" data-e-type=\"widget\" data-widget_type=\"text-editor.default\">\n\t\t\t\t<div class=\"elementor-widget-container\">\n\t\t\t\t\t\t\t\t\t<p>\u00a0<\/p><p><strong>Conf\u00e9rence scientifique d\u00e9di\u00e9e \u00e0 la compr\u00e9hension de la r\u00e9sistance aux antimicrobiens, ses impacts sur la sant\u00e9 publique et les strat\u00e9gies innovantes pour la combattre, avec un focus sur le contexte africain.<\/strong><\/p><p>\u00a0<\/p>\t\t\t\t\t\t\t\t<\/div>\n\t\t\t\t<\/div>\n\t\t\t\t<div class=\"elementor-element elementor-element-e4ee246 elementor-widget elementor-widget-heading\" data-id=\"e4ee246\" data-element_type=\"widget\" data-e-type=\"widget\" data-widget_type=\"heading.default\">\n\t\t\t\t<div class=\"elementor-widget-container\">\n\t\t\t\t\t<h3 class=\"elementor-heading-title elementor-size-default\">\u00c0 propos de l'\u00e9v\u00e9nement<\/h3>\t\t\t\t<\/div>\n\t\t\t\t<\/div>\n\t\t\t\t<div class=\"elementor-element elementor-element-da2d45f elementor-widget elementor-widget-text-editor\" data-id=\"da2d45f\" data-element_type=\"widget\" data-e-type=\"widget\" data-widget_type=\"text-editor.default\">\n\t\t\t\t<div class=\"elementor-widget-container\">\n\t\t\t\t\t\t\t\t\t<p>\u00a0<\/p><p class=\"text-lg font-semibold mb-3 flex items-center gap-2\"><strong>La r\u00e9sistance aux antimicrobiens (RAM) constitue aujourd\u2019hui l\u2019une des plus grandes menaces pour la sant\u00e9 mondiale, compromettant l\u2019efficacit\u00e9 des traitements contre les infections bact\u00e9riennes, virales, parasitaires et fongiques. Cet \u00e9v\u00e9nement vise \u00e0 r\u00e9unir chercheurs, professionnels de sant\u00e9, \u00e9tudiants et d\u00e9cideurs autour d\u2019un cadre d\u2019\u00e9change scientifique et multidisciplinaire. Les discussions porteront sur les m\u00e9canismes de r\u00e9sistance, la surveillance \u00e9pid\u00e9miologique, l\u2019usage rationnel des antimicrobiens, ainsi que les innovations technologiques et strat\u00e9gies de lutte adapt\u00e9es aux contextes africains. \u00c0 travers des conf\u00e9rences, panels et pr\u00e9sentations de travaux scientifiques, cet \u00e9v\u00e9nement ambitionne de renforcer les capacit\u00e9s locales et de promouvoir une approche collaborative dans la lutte contre la RAM.<\/strong><\/p>\t\t\t\t\t\t\t\t<\/div>\n\t\t\t\t<\/div>\n\t\t\t\t\t<\/div>\n\t\t<\/div>\n\t\t\t\t\t<\/div>\n\t\t<\/section>\n\t\t\t\t<\/div>\n\t\t","protected":false},"excerpt":{"rendered":"<p>Webinaire S.A.B.M &#8211; \u00c9v\u00e9nement en ligne LA Soci\u00e9t\u00e9 Africaine de Bioogie M\u00e9dicale S.A.B.M organise un webinaire scientifique d\u00e9di\u00e9 \u00e0 la gestion de la r\u00e9sistance aux antimicrobiens (RAM) selon l&rsquo;approche Une Seule Sant\u00e9. Inscrivez-vous Lien ZOOM du webinaire: https:\/\/harvard.zoom.us\/j\/98658058283#success Webinaire de la Soci\u00e9t\u00e9 Africaine de Biologie M\u00e9dicale (SABM) Conf\u00e9rence scientifique d\u00e9di\u00e9e \u00e0 la compr\u00e9hension de la<\/p>\n","protected":false},"author":1,"featured_media":0,"parent":16857,"menu_order":0,"comment_status":"closed","ping_status":"closed","template":"","meta":{"rs_blank_template":"","rs_page_bg_color":"","slide_template_v7":"","footnotes":""},"class_list":["post-16956","page","type-page","status-publish","hentry"],"brizy_media":[],"_links":{"self":[{"href":"https:\/\/revafric-bm.sn\/wordpress\/wp-json\/wp\/v2\/pages\/16956","targetHints":{"allow":["GET"]}}],"collection":[{"href":"https:\/\/revafric-bm.sn\/wordpress\/wp-json\/wp\/v2\/pages"}],"about":[{"href":"https:\/\/revafric-bm.sn\/wordpress\/wp-json\/wp\/v2\/types\/page"}],"author":[{"embeddable":true,"href":"https:\/\/revafric-bm.sn\/wordpress\/wp-json\/wp\/v2\/users\/1"}],"replies":[{"embeddable":true,"href":"https:\/\/revafric-bm.sn\/wordpress\/wp-json\/wp\/v2\/comments?post=16956"}],"version-history":[{"count":45,"href":"https:\/\/revafric-bm.sn\/wordpress\/wp-json\/wp\/v2\/pages\/16956\/revisions"}],"predecessor-version":[{"id":17039,"href":"https:\/\/revafric-bm.sn\/wordpress\/wp-json\/wp\/v2\/pages\/16956\/revisions\/17039"}],"up":[{"embeddable":true,"href":"https:\/\/revafric-bm.sn\/wordpress\/wp-json\/wp\/v2\/pages\/16857"}],"wp:attachment":[{"href":"https:\/\/revafric-bm.sn\/wordpress\/wp-json\/wp\/v2\/media?parent=16956"}],"curies":[{"name":"wp","href":"https:\/\/api.w.org\/{rel}","templated":true}]}}