{"id":2,"date":"2021-10-24T20:54:53","date_gmt":"2021-10-24T20:54:53","guid":{"rendered":"https:\/\/revafric-bm.sn\/wordpress\/?page_id=2"},"modified":"2024-10-24T21:38:26","modified_gmt":"2024-10-24T21:38:26","slug":"sample-page","status":"publish","type":"page","link":"https:\/\/revafric-bm.sn\/wordpress\/sample-page\/","title":{"rendered":"Pr\u00e9sentation de la revue"},"content":{"rendered":"\t\t<div data-elementor-type=\"wp-page\" data-elementor-id=\"2\" class=\"elementor elementor-2\">\n\t\t\t\t\t\t<section data-insunz-float=\"[]\" class=\"elementor-section elementor-top-section elementor-element elementor-element-2992069c elementor-section-boxed elementor-section-height-default elementor-section-height-default\" data-id=\"2992069c\" data-element_type=\"section\" data-e-type=\"section\" data-settings=\"{&quot;background_background&quot;:&quot;classic&quot;}\">\n\t\t\t\t\t\t<div class=\"elementor-container elementor-column-gap-default\">\n\t\t\t\t\t<div class=\"elementor-column elementor-col-100 elementor-top-column elementor-element elementor-element-2aa02c7d\" data-id=\"2aa02c7d\" data-element_type=\"column\" data-e-type=\"column\">\n\t\t\t<div class=\"elementor-widget-wrap elementor-element-populated\">\n\t\t\t\t\t\t<div class=\"elementor-element elementor-element-4eb3c69a elementor-widget elementor-widget-text-editor\" data-id=\"4eb3c69a\" data-element_type=\"widget\" data-e-type=\"widget\" data-widget_type=\"text-editor.default\">\n\t\t\t\t<div class=\"elementor-widget-container\">\n\t\t\t\t\t\t\t\t\t<p><img fetchpriority=\"high\" decoding=\"async\" class=\"size-medium wp-image-2644 aligncenter\" src=\"https:\/\/revafric-bm.sn\/wordpress\/wp-content\/uploads\/2021\/10\/image-5-2-300x255.png\" alt=\"\" width=\"300\" height=\"255\" srcset=\"https:\/\/revafric-bm.sn\/wordpress\/wp-content\/uploads\/2021\/10\/image-5-2-300x255.png 300w, https:\/\/revafric-bm.sn\/wordpress\/wp-content\/uploads\/2021\/10\/image-5-2.png 373w\" sizes=\"(max-width: 300px) 100vw, 300px\" \/><\/p><p style=\"text-align: left;\">\u00a0 \u00a0 \u00a0 \u00a0 \u00a0 \u00a0 \u00a0 \u00a0 \u00a0 \u00a0 \u00a0 \u00a0 \u00a0 \u00a0 \u00a0 \u00a0 \u00a0 \u00a0 \u00a0 \u00a0 \u00a0 \u00a0 \u00a0 \u00a0 \u00a0 \u00a0 \u00a0 \u00a0 \u00a0 \u00a0 La Revue africaine de Biologie M\u00e9dicale est n\u00e9e en 2016.<\/p><p style=\"text-align: center;\">Elle dispose de diff\u00e9rents Comit\u00e9s de Lecture pour chacune des dicisplines Biologiques.<\/p><p style=\"text-align: center;\">Sont membres de ces comit\u00e9s de Lecture des Biologistes de plus d\u2019une dizaine de pays africains, mais aussi d\u2019Europe et d\u2019Am\u00e9rique.<\/p><p style=\"text-align: center;\">C\u2019est une revue scientifique qui comprend diff\u00e9rentes sections correspondant aux disciplines biologiques et qui publie en Fran\u00e7ais et en Anglais :<\/p><p style=\"text-align: center;\">section A : Bact\u00e9riologie-Virologie,<\/p><p style=\"text-align: center;\">section B : Biologie cellulaire,<\/p><p style=\"text-align: center;\">section C : Biologie mol\u00e9culaire,<\/p><p style=\"text-align: center;\">section D : Biochimie,<\/p><p style=\"text-align: center;\">section E : G\u00e9n\u00e9tique m\u00e9dicale,<\/p><p style=\"text-align: center;\">section F : H\u00e9matologie,<\/p><p style=\"text-align: center;\">section G : Immunologie,<\/p><p style=\"text-align: center;\">section H : Parasitologie-Mycologie La revue publie des articles dans les rubriques suivantes : \u00e9ditoriaux (sur demande de la R\u00e9daction), revues, articles originaux, r\u00e9sultats de recherche fondamentale et op\u00e9rationnelle, essais, travaux en Sant\u00e9 Publique, sur la Qualit\u00e9, la Bios\u00e9curit\u00e9 ou la r\u00e9glementation.<\/p><p style=\"text-align: center;\">Les Manuscrits sont soumis en ligne sur le site de la Revue :<\/p><p style=\"text-align: center;\"><strong><a href=\"http:\/\/www.revafric-bm.sn\">http:\/\/www.revafric-bm.sn<\/a><\/strong><\/p><p style=\"text-align: center;\">\u00a0(rubrique Soumettre un article)<\/p><p style=\"text-align: center;\">ou par E mail \u00e0 l\u2019adresse suivante:<\/p><p style=\"text-align: center;\"><strong><a href=\"mailto:soumission@revafric-bm.sn\">soumission@revafric-bm.sn<\/a><\/strong><\/p><p style=\"text-align: center;\">ou<\/p><p style=\"text-align: center;\"><strong><a href=\"mailto:profisow3@gmail.com\">profisow3@gmail.com<\/a><\/strong><\/p>\t\t\t\t\t\t\t\t<\/div>\n\t\t\t\t<\/div>\n\t\t\t\t<div class=\"elementor-element elementor-element-3755a33 elementor-widget elementor-widget-image\" data-id=\"3755a33\" data-element_type=\"widget\" data-e-type=\"widget\" data-settings=\"{&quot;_animation&quot;:&quot;none&quot;}\" data-widget_type=\"image.default\">\n\t\t\t\t<div class=\"elementor-widget-container\">\n\t\t\t\t\t\t\t\t\t\t\t\t\t\t\t<img decoding=\"async\" width=\"768\" height=\"456\" src=\"https:\/\/revafric-bm.sn\/wordpress\/wp-content\/uploads\/2022\/02\/Image10-768x456.png\" class=\"elementor-animation-push attachment-medium size-medium wp-image-16475\" alt=\"\" \/>\t\t\t\t\t\t\t\t\t\t\t\t\t\t\t<\/div>\n\t\t\t\t<\/div>\n\t\t\t\t\t<\/div>\n\t\t<\/div>\n\t\t\t\t\t<\/div>\n\t\t<\/section>\n\t\t\t\t<section class=\"elementor-section elementor-top-section elementor-element elementor-element-b942c9e elementor-section-boxed elementor-section-height-default elementor-section-height-default\" data-id=\"b942c9e\" data-element_type=\"section\" data-e-type=\"section\">\n\t\t\t\t\t\t<div class=\"elementor-container elementor-column-gap-default\">\n\t\t\t\t\t<div class=\"elementor-column elementor-col-100 elementor-top-column elementor-element elementor-element-5061951\" data-id=\"5061951\" data-element_type=\"column\" data-e-type=\"column\">\n\t\t\t<div class=\"elementor-widget-wrap elementor-element-populated\">\n\t\t\t\t\t\t<div class=\"elementor-element elementor-element-b1c6ea9 elementor-button-success elementor-align-center elementor-widget elementor-widget-button\" data-id=\"b1c6ea9\" data-element_type=\"widget\" data-e-type=\"widget\" data-widget_type=\"button.default\">\n\t\t\t\t<div class=\"elementor-widget-container\">\n\t\t\t\t\t\t\t\t\t<div class=\"elementor-button-wrapper\">\n\t\t\t\t\t<a class=\"elementor-button elementor-button-link elementor-size-sm\" href=\"https:\/\/revafric-bm.sn\/wordpress\/lire-la-revue-en-ligne\/\" target=\"_blank\">\n\t\t\t\t\t\t<span class=\"elementor-button-content-wrapper\">\n\t\t\t\t\t\t\t\t\t<span class=\"elementor-button-text\">DERNIERES REVUES<\/span>\n\t\t\t\t\t<\/span>\n\t\t\t\t\t<\/a>\n\t\t\t\t<\/div>\n\t\t\t\t\t\t\t\t<\/div>\n\t\t\t\t<\/div>\n\t\t\t\t<div class=\"elementor-element elementor-element-a7a6312 elementor-arrows-position-inside elementor-widget elementor-widget-image-carousel\" data-id=\"a7a6312\" data-element_type=\"widget\" data-e-type=\"widget\" data-settings=\"{&quot;slides_to_show&quot;:&quot;1&quot;,&quot;pause_on_interaction&quot;:&quot;no&quot;,&quot;navigation&quot;:&quot;arrows&quot;,&quot;autoplay&quot;:&quot;yes&quot;,&quot;pause_on_hover&quot;:&quot;yes&quot;,&quot;autoplay_speed&quot;:5000,&quot;infinite&quot;:&quot;yes&quot;,&quot;effect&quot;:&quot;slide&quot;,&quot;speed&quot;:500}\" data-widget_type=\"image-carousel.default\">\n\t\t\t\t<div class=\"elementor-widget-container\">\n\t\t\t\t\t\t\t<div class=\"elementor-image-carousel-wrapper swiper\" role=\"region\" aria-roledescription=\"carousel\" aria-label=\"Carrousel d\u2019images\" dir=\"rtl\">\n\t\t\t<div class=\"elementor-image-carousel swiper-wrapper\" aria-live=\"off\">\n\t\t\t\t\t\t\t\t<div class=\"swiper-slide\" role=\"group\" aria-roledescription=\"slide\" aria-label=\"1 sur 2\"><a data-elementor-open-lightbox=\"yes\" data-elementor-lightbox-slideshow=\"a7a6312\" data-elementor-lightbox-title=\"TOME 9 NUMERO 23\" data-e-action-hash=\"#elementor-action%3Aaction%3Dlightbox%26settings%3DeyJpZCI6MTY2ODAsInVybCI6Imh0dHBzOlwvXC9yZXZhZnJpYy1ibS5zblwvd29yZHByZXNzXC93cC1jb250ZW50XC91cGxvYWRzXC8yMDI0XC8xMFwvVE9NRS05LU5VTUVSTy0yMy5wbmciLCJzbGlkZXNob3ciOiJhN2E2MzEyIn0%3D\" href=\"https:\/\/revafric-bm.sn\/wordpress\/lire-la-revue-en-ligne\/\"><figure class=\"swiper-slide-inner\"><img decoding=\"async\" class=\"swiper-slide-image\" src=\"https:\/\/revafric-bm.sn\/wordpress\/wp-content\/uploads\/elementor\/thumbs\/TOME-9-NUMERO-23-qvuutg7oi26w0c6bgf6ij6i0rw8cqpszr16rsnv48o.png\" alt=\"TOME 9 NUMERO 23\" \/><figcaption class=\"elementor-image-carousel-caption\">TOME 9 NUMERO 23<\/figcaption><\/figure><\/a><\/div><div class=\"swiper-slide\" role=\"group\" aria-roledescription=\"slide\" aria-label=\"2 sur 2\"><a data-elementor-open-lightbox=\"yes\" data-elementor-lightbox-slideshow=\"a7a6312\" data-elementor-lightbox-title=\"TOME 9 NUM 22\" data-e-action-hash=\"#elementor-action%3Aaction%3Dlightbox%26settings%3DeyJpZCI6MTY2NTcsInVybCI6Imh0dHBzOlwvXC9yZXZhZnJpYy1ibS5zblwvd29yZHByZXNzXC93cC1jb250ZW50XC91cGxvYWRzXC8yMDI0XC8wMlwvVE9NRS05LU5VTS0yMi5wbmciLCJzbGlkZXNob3ciOiJhN2E2MzEyIn0%3D\" href=\"https:\/\/revafric-bm.sn\/wordpress\/lire-la-revue-en-ligne\/\"><figure class=\"swiper-slide-inner\"><img decoding=\"async\" class=\"swiper-slide-image\" src=\"https:\/\/revafric-bm.sn\/wordpress\/wp-content\/uploads\/elementor\/thumbs\/TOME-9-NUM-22-qjzw8il6iq61i8r6v9b8qc5vb99i7fnirozalpzdx4.png\" alt=\"TOME 9 NUMERO 22\" \/><figcaption class=\"elementor-image-carousel-caption\">TOME 9 NUMERO 22<\/figcaption><\/figure><\/a><\/div>\t\t\t<\/div>\n\t\t\t\t\t\t\t\t\t\t\t\t<div class=\"elementor-swiper-button elementor-swiper-button-prev\" role=\"button\" tabindex=\"0\">\n\t\t\t\t\t\t<i aria-hidden=\"true\" class=\"eicon-chevron-left\"><\/i>\t\t\t\t\t<\/div>\n\t\t\t\t\t<div class=\"elementor-swiper-button elementor-swiper-button-next\" role=\"button\" tabindex=\"0\">\n\t\t\t\t\t\t<i aria-hidden=\"true\" class=\"eicon-chevron-right\"><\/i>\t\t\t\t\t<\/div>\n\t\t\t\t\n\t\t\t\t\t\t\t\t\t<\/div>\n\t\t\t\t\t\t<\/div>\n\t\t\t\t<\/div>\n\t\t\t\t\t<\/div>\n\t\t<\/div>\n\t\t\t\t\t<\/div>\n\t\t<\/section>\n\t\t\t\t<\/div>\n\t\t","protected":false},"excerpt":{"rendered":"<p>\u00a0 \u00a0 \u00a0 \u00a0 \u00a0 \u00a0 \u00a0 \u00a0 \u00a0 \u00a0 \u00a0 \u00a0 \u00a0 \u00a0 \u00a0 \u00a0 \u00a0 \u00a0 \u00a0 \u00a0 \u00a0 \u00a0 \u00a0 \u00a0 \u00a0 \u00a0 \u00a0 \u00a0 \u00a0 \u00a0 La Revue africaine de Biologie M\u00e9dicale est n\u00e9e en 2016. Elle dispose de diff\u00e9rents Comit\u00e9s de Lecture pour chacune des dicisplines Biologiques. Sont membres de<\/p>\n","protected":false},"author":1,"featured_media":0,"parent":0,"menu_order":0,"comment_status":"closed","ping_status":"closed","template":"","meta":{"footnotes":""},"class_list":["post-2","page","type-page","status-publish","hentry"],"brizy_media":[],"_links":{"self":[{"href":"https:\/\/revafric-bm.sn\/wordpress\/wp-json\/wp\/v2\/pages\/2","targetHints":{"allow":["GET"]}}],"collection":[{"href":"https:\/\/revafric-bm.sn\/wordpress\/wp-json\/wp\/v2\/pages"}],"about":[{"href":"https:\/\/revafric-bm.sn\/wordpress\/wp-json\/wp\/v2\/types\/page"}],"author":[{"embeddable":true,"href":"https:\/\/revafric-bm.sn\/wordpress\/wp-json\/wp\/v2\/users\/1"}],"replies":[{"embeddable":true,"href":"https:\/\/revafric-bm.sn\/wordpress\/wp-json\/wp\/v2\/comments?post=2"}],"version-history":[{"count":167,"href":"https:\/\/revafric-bm.sn\/wordpress\/wp-json\/wp\/v2\/pages\/2\/revisions"}],"predecessor-version":[{"id":16696,"href":"https:\/\/revafric-bm.sn\/wordpress\/wp-json\/wp\/v2\/pages\/2\/revisions\/16696"}],"wp:attachment":[{"href":"https:\/\/revafric-bm.sn\/wordpress\/wp-json\/wp\/v2\/media?parent=2"}],"curies":[{"name":"wp","href":"https:\/\/api.w.org\/{rel}","templated":true}]}}